{"id":14,"date":"2016-10-26T11:49:50","date_gmt":"2016-10-26T14:49:50","guid":{"rendered":"http:\/\/universidadur.edu.uy\/pcet-malur\/?page_id=14"},"modified":"2018-05-28T14:03:21","modified_gmt":"2018-05-28T17:03:21","slug":"presentacion-de-la-comision","status":"publish","type":"page","link":"https:\/\/pcetmalur.edu.uy\/portal\/","title":{"rendered":"Presentaci\u00f3n de la Comisi\u00f3n Permanente de Procesos y Condiciones de Estudio, Trabajo y Medio Ambiente Laboral en la Udelar (PCET-MALUR)"},"content":{"rendered":"<div id=\"da1\">\n<div id=\"pageItemBox_2044\" class=\"pageItemBox\">\n<div class=\"pageItemInnerBox\">\n<div class=\"textBox\">\n<p><img loading=\"lazy\" decoding=\"async\" class=\"wp-image-194 alignleft\" src=\"http:\/\/gestion.udelar.edu.uy\/pcet-malur\/wp-content\/uploads\/sites\/15\/2016\/10\/pcet-malur-logo-266x300.jpg\" alt=\"\" width=\"278\" height=\"314\" srcset=\"https:\/\/pcetmalur.edu.uy\/portal\/wp-content\/uploads\/sites\/15\/2016\/10\/pcet-malur-logo-266x300.jpg 266w, https:\/\/pcetmalur.edu.uy\/portal\/wp-content\/uploads\/sites\/15\/2016\/10\/pcet-malur-logo-768x866.jpg 768w, https:\/\/pcetmalur.edu.uy\/portal\/wp-content\/uploads\/sites\/15\/2016\/10\/pcet-malur-logo-908x1024.jpg 908w, https:\/\/pcetmalur.edu.uy\/portal\/wp-content\/uploads\/sites\/15\/2016\/10\/pcet-malur-logo.jpg 1064w\" sizes=\"auto, (max-width: 278px) 100vw, 278px\" \/><\/p>\n<p style=\"text-align: left\">La Comisi\u00f3n Permanente de Procesos y Condiciones de Estudio, Trabajo y Medio Ambiente Laboral en la Udelar (PCET-MALUR) surgi\u00f3 por Resoluci\u00f3n del Consejo Ejecutivo Delegado del 2 de Junio de 2008.<\/p>\n<p style=\"text-align: left\">A partir de all\u00ed la Comisi\u00f3n ha desarrollado en forma continua actividades tendientes a \u00abMejorar los procesos y las condiciones de estudio y trabajo, para incrementar la calidad en el desempe\u00f1o de las funciones sustantivas de la Universidad de la Rep\u00fablica\u00bb; de acuerdo al Plan Estrat\u00e9gico de Desarrollo de la Universidad (PLEDUR) 2005 &#8211; 2009.<\/p>\n<p style=\"text-align: left\">Con la creaci\u00f3n de este Sitio Web se pretende poner al alcance de todo el Demos universitario e interesados en general, estas acciones realizadas y aquellas que se est\u00e1n ejecutando. Adem\u00e1s se busca dar a conocer lo realizado en los distintos Servicios de la Universidad por intermedio de sus Comisiones de Salud y Seguridad de Estudiantes y Trabajadores, y aquella informaci\u00f3n pertinente en materia de procesos y condiciones de estudio y trabajo.<\/p>\n<\/div>\n<div class=\"spacer\" style=\"text-align: left\"><\/div>\n<\/div>\n<\/div>\n<\/div>\n<div id=\"da2\"><\/div>\n","protected":false},"excerpt":{"rendered":"<p>La Comisi\u00f3n Permanente de Procesos y Condiciones de Estudio, Trabajo y Medio Ambiente Laboral en la Udelar (PCET-MALUR) surgi\u00f3 por Resoluci\u00f3n del Consejo Ejecutivo Delegado del 2 de Junio de 2008. A partir de all\u00ed la Comisi\u00f3n ha desarrollado en forma continua actividades tendientes a \u00abMejorar los procesos y las condiciones de estudio y trabajo, para incrementar la calidad en [&hellip;]<\/p>\n","protected":false},"author":1,"featured_media":0,"parent":12,"menu_order":1,"comment_status":"closed","ping_status":"closed","template":"","meta":{"footnotes":""},"class_list":["post-14","page","type-page","status-publish","hentry"],"_links":{"self":[{"href":"https:\/\/pcetmalur.edu.uy\/portal\/wp-json\/wp\/v2\/pages\/14","targetHints":{"allow":["GET"]}}],"collection":[{"href":"https:\/\/pcetmalur.edu.uy\/portal\/wp-json\/wp\/v2\/pages"}],"about":[{"href":"https:\/\/pcetmalur.edu.uy\/portal\/wp-json\/wp\/v2\/types\/page"}],"author":[{"embeddable":true,"href":"https:\/\/pcetmalur.edu.uy\/portal\/wp-json\/wp\/v2\/users\/1"}],"replies":[{"embeddable":true,"href":"https:\/\/pcetmalur.edu.uy\/portal\/wp-json\/wp\/v2\/comments?post=14"}],"version-history":[{"count":9,"href":"https:\/\/pcetmalur.edu.uy\/portal\/wp-json\/wp\/v2\/pages\/14\/revisions"}],"predecessor-version":[{"id":406,"href":"https:\/\/pcetmalur.edu.uy\/portal\/wp-json\/wp\/v2\/pages\/14\/revisions\/406"}],"up":[{"embeddable":true,"href":"https:\/\/pcetmalur.edu.uy\/portal\/wp-json\/wp\/v2\/pages\/12"}],"wp:attachment":[{"href":"https:\/\/pcetmalur.edu.uy\/portal\/wp-json\/wp\/v2\/media?parent=14"}],"curies":[{"name":"wp","href":"https:\/\/api.w.org\/{rel}","templated":true}]}}