{"id":16,"date":"2016-10-26T11:50:03","date_gmt":"2016-10-26T14:50:03","guid":{"rendered":"http:\/\/universidadur.edu.uy\/pcet-malur\/?page_id=16"},"modified":"2017-07-25T14:30:17","modified_gmt":"2017-07-25T17:30:17","slug":"antecedentes","status":"publish","type":"page","link":"https:\/\/pcetmalur.edu.uy\/portal\/institucional\/antecedentes\/","title":{"rendered":"Antecedentes"},"content":{"rendered":"<p>El Plan Estrat\u00e9gico de Desarrollo 2005-2009 de la Universidad, fue un aspecto determinante para la conformaci\u00f3n de esta Comisi\u00f3n ya que hizo expl\u00edcita la voluntad<\/p>\n<p>de la Udelar de \u201cmejorar los procesos y condiciones de estudio y trabajo para incrementar la calidad en el desempe\u00f1o de sus funciones\u201d;<\/p>\n<p>lo que signific\u00f3 un impulso para iniciar acciones en este sentido.<br \/>\nM\u00e1s all\u00e1 de esto, la ejecuci\u00f3n de varios informes concretos para evaluar el estado de situaci\u00f3n en que se encontraba la UdelaR en esta materia,<\/p>\n<p>sirvieron como insumo para determinar la necesidad de conformar esta Comisi\u00f3n permanente que atendiera a dichos asuntos y fueron una informaci\u00f3n<\/p>\n<p>fundamental para comenzar a definir sus l\u00edneas de trabajo.<br \/>\nAs\u00ed, en el a\u00f1o 2003 y seg\u00fan luce en el Distribuido N\u00ba 347\/03, se conform\u00f3 una primera Comisi\u00f3n Ad-hoc sobre \u201cPrevenci\u00f3n de Accidentes en Estudiantes\u201d.<\/p>\n<p>A punto de partida de esta comisi\u00f3n es que surge la idea de abarcar a todos los universitarios, dada la multiplicidad de tareas y profesiones.<br \/>\nDe esta forma surge la Comisi\u00f3n que entiende en los Procesos y Condiciones de Estudio, Trabajo y Medio Ambiente laboral (PCET-MALUR) creada en 2008,<\/p>\n<p>para elaborar pol\u00edticas propias de la UdelaR y acordes a la normativa nacional, en salud y seguridad en el trabajo y el estudio.<\/p>\n","protected":false},"excerpt":{"rendered":"<p>El Plan Estrat\u00e9gico de Desarrollo 2005-2009 de la Universidad, fue un aspecto determinante para la conformaci\u00f3n de esta Comisi\u00f3n ya que hizo expl\u00edcita la voluntad de la Udelar de \u201cmejorar los procesos y condiciones de estudio y trabajo para incrementar la calidad en el desempe\u00f1o de sus funciones\u201d; lo que signific\u00f3 un impulso para iniciar acciones en este sentido. M\u00e1s [&hellip;]<\/p>\n","protected":false},"author":1,"featured_media":0,"parent":12,"menu_order":2,"comment_status":"closed","ping_status":"closed","template":"","meta":{"footnotes":""},"class_list":["post-16","page","type-page","status-publish","hentry"],"_links":{"self":[{"href":"https:\/\/pcetmalur.edu.uy\/portal\/wp-json\/wp\/v2\/pages\/16","targetHints":{"allow":["GET"]}}],"collection":[{"href":"https:\/\/pcetmalur.edu.uy\/portal\/wp-json\/wp\/v2\/pages"}],"about":[{"href":"https:\/\/pcetmalur.edu.uy\/portal\/wp-json\/wp\/v2\/types\/page"}],"author":[{"embeddable":true,"href":"https:\/\/pcetmalur.edu.uy\/portal\/wp-json\/wp\/v2\/users\/1"}],"replies":[{"embeddable":true,"href":"https:\/\/pcetmalur.edu.uy\/portal\/wp-json\/wp\/v2\/comments?post=16"}],"version-history":[{"count":3,"href":"https:\/\/pcetmalur.edu.uy\/portal\/wp-json\/wp\/v2\/pages\/16\/revisions"}],"predecessor-version":[{"id":179,"href":"https:\/\/pcetmalur.edu.uy\/portal\/wp-json\/wp\/v2\/pages\/16\/revisions\/179"}],"up":[{"embeddable":true,"href":"https:\/\/pcetmalur.edu.uy\/portal\/wp-json\/wp\/v2\/pages\/12"}],"wp:attachment":[{"href":"https:\/\/pcetmalur.edu.uy\/portal\/wp-json\/wp\/v2\/media?parent=16"}],"curies":[{"name":"wp","href":"https:\/\/api.w.org\/{rel}","templated":true}]}}