{"id":20,"date":"2016-10-26T11:50:29","date_gmt":"2016-10-26T14:50:29","guid":{"rendered":"http:\/\/universidadur.edu.uy\/pcet-malur\/?page_id=20"},"modified":"2018-09-14T09:33:24","modified_gmt":"2018-09-14T12:33:24","slug":"fundamentos-y-principios","status":"publish","type":"page","link":"https:\/\/pcetmalur.edu.uy\/portal\/institucional\/fundamentos-y-principios\/","title":{"rendered":"Fundamentos y principios"},"content":{"rendered":"<p><strong>Fundamentos de la Comisi\u00f3n<\/strong><br \/>\n<img loading=\"lazy\" decoding=\"async\" class=\"wp-image-190 size-full alignleft\" src=\"http:\/\/gestion.udelar.edu.uy\/pcet-malur\/wp-content\/uploads\/sites\/15\/2016\/10\/reunion1.jpg\" alt=\"\" width=\"850\" height=\"444\" srcset=\"https:\/\/pcetmalur.edu.uy\/portal\/wp-content\/uploads\/sites\/15\/2016\/10\/reunion1.jpg 850w, https:\/\/pcetmalur.edu.uy\/portal\/wp-content\/uploads\/sites\/15\/2016\/10\/reunion1-300x157.jpg 300w, https:\/\/pcetmalur.edu.uy\/portal\/wp-content\/uploads\/sites\/15\/2016\/10\/reunion1-768x401.jpg 768w\" sizes=\"auto, (max-width: 850px) 100vw, 850px\" \/><\/p>\n<p>A) Como por razones \u00e9ticas y morales, la UdelaR se debe preocupar por la calidad de vida en el trabajo de sus integrantes.<\/p>\n<p>B) La UdelaR debe cumplir con una serie de obligaciones en materia de riesgos laborales como: La Ley 16.074 de Accidentes de Trabajo y Enfermedades Profesionales la Ley 15.965 que rectific\u00f3 el convenio N\u00ba 155 de la OIT, el Decreto N\u00ba 291\/07 Reglamentario de dicha Ley y el Decreto 406\/88, entre otros.<\/p>\n<p>C) Los accidentes y enfermedades derivadas del trabajo, implican costos econ\u00f3micos altos a los trabajadores, a los estudiantes, a la UdelaR y a la Sociedad.<\/p>\n<p>D) La Ley Org\u00e1nica establece que la UdelaR \u00abdebe defender el bienestar social y los derechos de las personas\u00bb. Por lo tanto debe ser pionera en fomentar la promoci\u00f3n de la Salud general y laboral, la prevenci\u00f3n, tendiendo a que los estudiantes y trabajadores tengan conciencia y desarrollen su actividad bajo una filosof\u00eda de trabajo seguro y entorno saludable, convirti\u00e9ndose en una corriente de transmisi\u00f3n de estos valores a la Sociedad.<\/p>\n<p>Considerando estos puntos el PLEDUR incorpora el objetivo de \u00abMejorar los procesos y las condiciones de estudio y trabajo para incrementar la calidad en el desempe\u00f1o de las funciones sustantivas de la Universidad de la Rep\u00fablica\u00bb.<\/p>\n<p>Esta Comisi\u00f3n que actuar\u00e1 en el \u00e1mbito de Pro Rectorado de Gesti\u00f3n Administrativa, se ha propuesto los siguientes principio y objetivos generales.<\/p>\n<p><strong>Principios<\/strong><\/p>\n<p>Llevar adelante las acciones en el marco de un sistema de gesti\u00f3n, basado en la mejora continua y evaluaci\u00f3n permanente de los problemas y las necesidades en este campo.<\/p>\n<p><strong>Objetivos generales<\/strong><\/p>\n<p>Mejorar las condiciones de Seguridad y Salud Laboral de todos quienes desarrollan actividades en la UdelaR (estudiantes, funcionarios, egresados).<br \/>\nPara ello se plantea:<br \/>\na) Crear conciencia en el Demos universitario de las Pol\u00edticas de Salud y Seguridad en el Trabajo.<br \/>\nb) Realizar el diagn\u00f3stico de las Condiciones y Medio Ambiente de Trabajo de los Servicios (CYMAT).<br \/>\nc) Proponer programas y acciones necesarias en este campo, tanto a nivel central como en los Servicios.<br \/>\nd) Promover, coordinar desarrollar y supervisar actividades de debate (foros, talleres, seminarios), capacitaci\u00f3n consulta y comunicaci\u00f3n (comisiones) y normatizaci\u00f3n (manuales, procedimientos, reglamentos).<\/p>\n<p>&#8212;&#8212;&#8212;&#8212;&#8212;&#8212;&#8212;&#8212;&#8212;&#8212;&#8212;&#8212;&#8212;&#8211;<br \/>\nInformaci\u00f3n extra\u00edda de la Resoluci\u00f3n del Consejo Ejecutivo Delegado del 07\/2008<\/p>\n","protected":false},"excerpt":{"rendered":"<p>Fundamentos de la Comisi\u00f3n A) Como por razones \u00e9ticas y morales, la UdelaR se debe preocupar por la calidad de vida en el trabajo de sus integrantes. B) La UdelaR debe cumplir con una serie de obligaciones en materia de riesgos laborales como: La Ley 16.074 de Accidentes de Trabajo y Enfermedades Profesionales la Ley 15.965 que rectific\u00f3 el convenio [&hellip;]<\/p>\n","protected":false},"author":1,"featured_media":0,"parent":12,"menu_order":6,"comment_status":"closed","ping_status":"closed","template":"","meta":{"footnotes":""},"class_list":["post-20","page","type-page","status-publish","hentry"],"_links":{"self":[{"href":"https:\/\/pcetmalur.edu.uy\/portal\/wp-json\/wp\/v2\/pages\/20","targetHints":{"allow":["GET"]}}],"collection":[{"href":"https:\/\/pcetmalur.edu.uy\/portal\/wp-json\/wp\/v2\/pages"}],"about":[{"href":"https:\/\/pcetmalur.edu.uy\/portal\/wp-json\/wp\/v2\/types\/page"}],"author":[{"embeddable":true,"href":"https:\/\/pcetmalur.edu.uy\/portal\/wp-json\/wp\/v2\/users\/1"}],"replies":[{"embeddable":true,"href":"https:\/\/pcetmalur.edu.uy\/portal\/wp-json\/wp\/v2\/comments?post=20"}],"version-history":[{"count":5,"href":"https:\/\/pcetmalur.edu.uy\/portal\/wp-json\/wp\/v2\/pages\/20\/revisions"}],"predecessor-version":[{"id":193,"href":"https:\/\/pcetmalur.edu.uy\/portal\/wp-json\/wp\/v2\/pages\/20\/revisions\/193"}],"up":[{"embeddable":true,"href":"https:\/\/pcetmalur.edu.uy\/portal\/wp-json\/wp\/v2\/pages\/12"}],"wp:attachment":[{"href":"https:\/\/pcetmalur.edu.uy\/portal\/wp-json\/wp\/v2\/media?parent=20"}],"curies":[{"name":"wp","href":"https:\/\/api.w.org\/{rel}","templated":true}]}}