{"id":22,"date":"2016-10-26T11:50:53","date_gmt":"2016-10-26T14:50:53","guid":{"rendered":"http:\/\/universidadur.edu.uy\/pcet-malur\/?page_id=22"},"modified":"2025-09-17T15:54:44","modified_gmt":"2025-09-17T18:54:44","slug":"integracion","status":"publish","type":"page","link":"https:\/\/pcetmalur.edu.uy\/portal\/institucional\/integracion\/","title":{"rendered":"Integraci\u00f3n"},"content":{"rendered":"<h3><\/h3>\n<ul>\n<li><strong>T. A Beatriz Naya<\/strong> (Direcci\u00f3n General de Personal)<\/li>\n<li><strong>Dr. Gustavo Fern\u00e1ndez\u00a0<\/strong>(\u00c1rea Salud de la Comunidad Universitaria &#8211; Servicio Central de Inclusi\u00f3n y Bienestar Universitario)<\/li>\n<li><strong>Dra. Lorena Padilla <\/strong>(\u00c1rea Salud de la Comunidad Universitaria &#8211; Servicio Central de Inclusi\u00f3n y Bienestar Universitario)<\/li>\n<li><strong>Dra. Claudia P\u00e9rez <\/strong>(\u00c1rea Salud de la Comunidad Universitaria- Servicio Central de Inclusi\u00f3n y Bienestar Universitario)<\/li>\n<li><strong>Dra. Adriana Pisani<\/strong>\u00a0(Departamento de Salud Ocupacional \u2013 Facultad de Medicina)<\/li>\n<li><strong>Arq. Serrana Mart\u00ednez<\/strong> (Facultad de Qu\u00edmica &#8211; titular)<\/li>\n<li><strong>Dra. Adriana Marin <\/strong>(Asociaci\u00f3n de Docentes de la Universidad de la Rep\u00fablica &#8211; titular)<\/li>\n<li><strong>Mag. Claudia Su\u00e1rez<\/strong> (Asociaci\u00f3n de Docentes de la Universidad de la Rep\u00fablica &#8211; alterna)<\/li>\n<li><strong>Sra. Marcia Silva<\/strong>\u00a0(Agremiaci\u00f3n Federal de Funcionarios de la Universidad de la Rep\u00fablica- titular)<\/li>\n<li><b>Sra. Miriam G\u00f3mez<\/b> (Agremiaci\u00f3n Federal de Funcionarios de la Universidad de la Rep\u00fablica- alterna)<\/li>\n<li><strong>Sra. Sonia Pastorino<\/strong> (Agremiaci\u00f3n Federal de Funcionarios de la Universidad de la Rep\u00fablica- alterna)<\/li>\n<li><strong>Lic. Soledad Ni\u00f3n<\/strong> (Red Tem\u00e1tica de Medio Ambiente- titular)<\/li>\n<li><strong>Prof. Teresa Heller<\/strong> (Red Tem\u00e1tica de Medio Ambiente- alterna)<\/li>\n<li><strong>Br. Ignacio Peralta<\/strong> (Federaci\u00f3n de Estudiantes Universitarios del Uruguay)<\/li>\n<\/ul>\n","protected":false},"excerpt":{"rendered":"<p>T. A Beatriz Naya (Direcci\u00f3n General de Personal) Dr. Gustavo Fern\u00e1ndez\u00a0(\u00c1rea Salud de la Comunidad Universitaria &#8211; Servicio Central de Inclusi\u00f3n y Bienestar Universitario) Dra. Lorena Padilla (\u00c1rea Salud de la Comunidad Universitaria &#8211; Servicio Central de Inclusi\u00f3n y Bienestar Universitario) Dra. Claudia P\u00e9rez (\u00c1rea Salud de la Comunidad Universitaria- Servicio Central de Inclusi\u00f3n y Bienestar Universitario) Dra. Adriana Pisani\u00a0(Departamento [&hellip;]<\/p>\n","protected":false},"author":1,"featured_media":0,"parent":12,"menu_order":7,"comment_status":"closed","ping_status":"closed","template":"","meta":{"footnotes":""},"class_list":["post-22","page","type-page","status-publish","hentry"],"_links":{"self":[{"href":"https:\/\/pcetmalur.edu.uy\/portal\/wp-json\/wp\/v2\/pages\/22","targetHints":{"allow":["GET"]}}],"collection":[{"href":"https:\/\/pcetmalur.edu.uy\/portal\/wp-json\/wp\/v2\/pages"}],"about":[{"href":"https:\/\/pcetmalur.edu.uy\/portal\/wp-json\/wp\/v2\/types\/page"}],"author":[{"embeddable":true,"href":"https:\/\/pcetmalur.edu.uy\/portal\/wp-json\/wp\/v2\/users\/1"}],"replies":[{"embeddable":true,"href":"https:\/\/pcetmalur.edu.uy\/portal\/wp-json\/wp\/v2\/comments?post=22"}],"version-history":[{"count":30,"href":"https:\/\/pcetmalur.edu.uy\/portal\/wp-json\/wp\/v2\/pages\/22\/revisions"}],"predecessor-version":[{"id":1690,"href":"https:\/\/pcetmalur.edu.uy\/portal\/wp-json\/wp\/v2\/pages\/22\/revisions\/1690"}],"up":[{"embeddable":true,"href":"https:\/\/pcetmalur.edu.uy\/portal\/wp-json\/wp\/v2\/pages\/12"}],"wp:attachment":[{"href":"https:\/\/pcetmalur.edu.uy\/portal\/wp-json\/wp\/v2\/media?parent=22"}],"curies":[{"name":"wp","href":"https:\/\/api.w.org\/{rel}","templated":true}]}}