{"id":54,"date":"2016-11-01T10:26:57","date_gmt":"2016-11-01T13:26:57","guid":{"rendered":"http:\/\/universidadur.edu.uy\/pcet-malur\/?page_id=54"},"modified":"2017-05-30T09:07:58","modified_gmt":"2017-05-30T12:07:58","slug":"udelar","status":"publish","type":"page","link":"https:\/\/pcetmalur.edu.uy\/portal\/marco-normativo\/udelar\/","title":{"rendered":"UDELAR"},"content":{"rendered":"<p>Beneficiarios: Funcionarios y Docentes<br \/>\nFinalidad: Reducir los riesgos otorgando un horario especial y la equivalencia de la remuneraci\u00f3n a una jornada de 8 horas.<br \/>\nRequisito para la gesti\u00f3n: El servicio eleva la n\u00f3mina del Personal que considera afectado a la Comisi\u00f3n Especial que asesora sobre que actividades se reputan insalubres (Esta Comisi\u00f3n se integra con un Delegado y un alterno de Facultad de Medicina, Derecho y D.U.S.)<br \/>\nCuando los funcionarios son declarados en actividad insalubre deber\u00e1n:<br \/>\n\u2022 Reducir su jornada laboral de 8 hs. a 6 hs. como jornada ordinaria m\u00e1xima manteniendo la remuneraci\u00f3n por jornada de 8 hs.<br \/>\n\u2022 No podr\u00e1 autorizarse la realizaci\u00f3n de horas extras para las actividades de funcionarios declarados insalubres.<br \/>\n\u2022 Se adicionar\u00e1 al sueldo el horario nocturno de aquel funcionario que desempe\u00f1e funciones entre las 21:00 y las 6:00.<br \/>\n\u2022 Regir\u00e1 la obligatoriedad del control m\u00e9dico semestral ante la Divisi\u00f3n Universitaria de la Salud, establecido por ley 9697 de fecha 16.9.37.<\/p>\n","protected":false},"excerpt":{"rendered":"<p>Beneficiarios: Funcionarios y Docentes Finalidad: Reducir los riesgos otorgando un horario especial y la equivalencia de la remuneraci\u00f3n a una jornada de 8 horas. Requisito para la gesti\u00f3n: El servicio eleva la n\u00f3mina del Personal que considera afectado a la Comisi\u00f3n Especial que asesora sobre que actividades se reputan insalubres (Esta Comisi\u00f3n se integra con un Delegado y un alterno [&hellip;]<\/p>\n","protected":false},"author":1,"featured_media":0,"parent":34,"menu_order":1,"comment_status":"closed","ping_status":"closed","template":"","meta":{"footnotes":""},"class_list":["post-54","page","type-page","status-publish","hentry"],"_links":{"self":[{"href":"https:\/\/pcetmalur.edu.uy\/portal\/wp-json\/wp\/v2\/pages\/54","targetHints":{"allow":["GET"]}}],"collection":[{"href":"https:\/\/pcetmalur.edu.uy\/portal\/wp-json\/wp\/v2\/pages"}],"about":[{"href":"https:\/\/pcetmalur.edu.uy\/portal\/wp-json\/wp\/v2\/types\/page"}],"author":[{"embeddable":true,"href":"https:\/\/pcetmalur.edu.uy\/portal\/wp-json\/wp\/v2\/users\/1"}],"replies":[{"embeddable":true,"href":"https:\/\/pcetmalur.edu.uy\/portal\/wp-json\/wp\/v2\/comments?post=54"}],"version-history":[{"count":4,"href":"https:\/\/pcetmalur.edu.uy\/portal\/wp-json\/wp\/v2\/pages\/54\/revisions"}],"predecessor-version":[{"id":196,"href":"https:\/\/pcetmalur.edu.uy\/portal\/wp-json\/wp\/v2\/pages\/54\/revisions\/196"}],"up":[{"embeddable":true,"href":"https:\/\/pcetmalur.edu.uy\/portal\/wp-json\/wp\/v2\/pages\/34"}],"wp:attachment":[{"href":"https:\/\/pcetmalur.edu.uy\/portal\/wp-json\/wp\/v2\/media?parent=54"}],"curies":[{"name":"wp","href":"https:\/\/api.w.org\/{rel}","templated":true}]}}