{"id":58,"date":"2016-11-01T10:28:17","date_gmt":"2016-11-01T13:28:17","guid":{"rendered":"http:\/\/universidadur.edu.uy\/pcet-malur\/?page_id=58"},"modified":"2016-11-01T10:28:32","modified_gmt":"2016-11-01T13:28:32","slug":"unit","status":"publish","type":"page","link":"https:\/\/pcetmalur.edu.uy\/portal\/marco-normativo\/unit\/","title":{"rendered":"UNIT"},"content":{"rendered":"<p><strong>1)- Que es UNIT.<\/strong><br \/>\n-Desde 1971, imparte Capacitaci\u00f3n en Calidad y en 1984 inici\u00f3 en Uruguay la Certificaci\u00f3n de Productos, con el Sistema N\u00ba 5 ISO.<br \/>\n-En 1987, comenz\u00f3 la serie de Normas UNIT-ISO 9000 y en 1995 la Certificaci\u00f3n de Sistemas de la Calidad.<br \/>\n-En 1998, inici\u00f3 la Certificaci\u00f3n de Sistemas de Gesti\u00f3n Ambiental con las Normas UNIT-ISO 14000 y en 2002 la Certificaci\u00f3n de Sistemas de Gesti\u00f3n de la Seguridad<br \/>\nY Salud Ocupacional con las Normas UNIT 18000.<br \/>\n-En 1997, UNIT fue reconocido por MTSS como el Organismo Nacional de Normalizaci\u00f3n en el sistema Uruguayo.<\/p>\n<p><strong>2)- Que es ISO-<\/strong><br \/>\n-Es la Federaci\u00f3n Mundial de los Organismos Nacionales de Normalizaci\u00f3n creada en 1947 a la que UNIT ingres\u00f3 en 1950.<br \/>\n-Normaliza y realiza actividades conexas para facilitar el intercambio de bienes y servicios y desarrollar la cooperaci\u00f3n en esferas de actividad intelectual, cient\u00edfica, tecnol\u00f3gica y econ\u00f3mica a trav\u00e9s de normas o gu\u00edas que no cubren la tecnolog\u00eda el\u00e9ctrica y electr\u00f3nica.<br \/>\n-Tambi\u00e9n se establecen normas para la evaluaci\u00f3n de la conformidad que permitir\u00e1n la certificaci\u00f3n de productos y sistemas, as\u00ed como la acreditaci\u00f3n de organismos, de personal, laboratorios y otros.<br \/>\n-En estas normas se concilian los intereses de fabricantes, usuarios, consumidores, gobiernos y comunidad cient\u00edfica.<\/p>\n<p><strong>3)- Qu\u00e9 es Norma T\u00e9cnica-<\/strong><br \/>\n-Es una especificaci\u00f3n t\u00e9cnica que establece los requisitos que aseguran la aptitud para el uso de un producto o servicio que cumple con las siguientes condiciones: participaci\u00f3n de todos los sectores involucrados, ser aprobada por consenso, ser beneficioso para la comunidad, estar a disposici\u00f3n de todos los interesados y ser refrendada por un organismo de normalizaci\u00f3n.<br \/>\n-Sus objetivos deben cumplir con los siguientes requisitos: aptitud para el uso, compatibilidad, intercambiabilidad, selecci\u00f3n de variedades, seguridad, protecci\u00f3n del medio ambiente y protecci\u00f3n del producto.<br \/>\n-Sus beneficios son: asegurar los productos y servicios a los fines destinados, facilitar la transferencia y cooperaci\u00f3n tecnol\u00f3gica, aumentar la competitividad y eficiencia en todos los campos.<br \/>\n-Estas normas pueden ser de car\u00e1cter voluntario y reflejar el estado del arte en un lugar y momento determinados. Pero pueden ser declaradas de cumplimiento obligatorio por razones de: salud p\u00fablica, seguridad, protecci\u00f3n del medio ambiente, del consumidor y otros. Asimismo, pueden ser impuestas contractualmente en ciertas circunstancias. Siempre reflejan e inducen las necesidades, h\u00e1bitos y exigencias del mercado.<br \/>\nEsta normalizaci\u00f3n se puede realizar en distintos niveles: local, nacional, regional e internacional. La normalizaci\u00f3n regional se hace por la AMN (Mercosur) y COPANT (Panamericano).<\/p>\n<p><strong>4)- \u00c1reas cubiertas-<\/strong><br \/>\nA) Accesibilidad al medio f\u00edsico: elaborando normas que tengan en cuenta el dise\u00f1o de los espacios urbanos, los edificios, medios de transporte, etc. para que todas las personas aunque tengan discapacidades o dificultades f\u00edsicas puedan desplazarse y llevar una vida lo m\u00e1s plena posible.<br \/>\nB) Gesti\u00f3n ambiental: elaborando las normas UNIT-ISO 14.000.<br \/>\nC) Seguridad y Salud Ocupacional: tienen como objetivo preservar las personas y bienes frente a los riesgos de la actividad laboral o de los productos y servicios resultantes. Estas normas son la base de la docencia y de la reglamentaci\u00f3n correspondiente para asegurar una vida m\u00e1s digna y segura a todas las personas.<br \/>\nD) Capacitaci\u00f3n: comprende la capacitaci\u00f3n en gesti\u00f3n de la calidad ambiental y de la seguridad y salud ocupacional en el Uruguay, teniendo como fin capacitar a funcionarios y estudiantes con participaci\u00f3n de organizaciones de inter\u00e9s social.<\/p>\n<p><strong>5)- UNIT y la seguridad-<\/strong><br \/>\n-Desde su comienzo fue preocupaci\u00f3n primaria obtener la seguridad con prevenci\u00f3n de accidentes con participaci\u00f3n de las instituciones involucradas.<br \/>\n-Ha habido programas de normalizaci\u00f3n con el BSE comprendiendo seguridad en la construcci\u00f3n, en equipos de protecci\u00f3n personal, en material de lucha contra incendios, en refrigeraci\u00f3n industrial, en t\u00e9cnicas de seguridad aplicada a las m\u00e1quinas y en generaci\u00f3n, almacenamiento y transporte de fluidos el\u00e1sticos a presi\u00f3n, por lo que hay conformadas m\u00e1s de 150 normas UNIT.<br \/>\n-Esto ha permitido la certificaci\u00f3n de numerosos productos en Uruguay para ser usados en estas circunstancias y dentro de la seguridad laboral, y la construcci\u00f3n sin accidentes.<br \/>\n-Se busca aumentar la intenci\u00f3n de la prevenci\u00f3n de accidentes sobre las acciones correctoras, estableci\u00e9ndose en el pa\u00eds el D\u00eda Nacional de la Seguridad y la promoci\u00f3n de la cultura preventiva en todos sus \u00f3rdenes, por lo que se debe asesorar, promover, capacitar, documentar, investigar, formar, divulgar y dar becas y reconocimientos. Las normas UNIT 18.000 han hecho \u00e9nfasis en la gesti\u00f3n preventiva.<\/p>\n<p><strong>6)- Principios de Gesti\u00f3n de la Calidad-<\/strong><br \/>\n-Deben cumplir con los siguientes principios: enfoque al cliente, liderazgo, participaci\u00f3n del personal, enfoque basado en procesos, enfoque de sistema para la gesti\u00f3n, mejora continua, basarse en hechos para la toma de decisiones y relaciones beneficiosas para todos los interesados.<br \/>\n-Estos principios constituyen la base de los sistemas de gesti\u00f3n de la calidad con las normas UNIT-ISO 9.000.<\/p>\n<p><strong>7)- Principios de Gesti\u00f3n Ambiental-<\/strong><br \/>\n-La preservaci\u00f3n del medio ambiente es una prioridad absoluta para la sociedad en su conjunto para controlar la calidad del aire, el agua, el suelo y de las emisiones de humo de los veh\u00edculos.<br \/>\n-Las normas UNIT-ISO 14.000 contribuyen a este prop\u00f3sito.<\/p>\n<p><strong>8)- Principios de Gesti\u00f3n de la Seguridad y la Salud Ocupacional-<\/strong><br \/>\n-La prevenci\u00f3n de riesgos laborales establecen los requisitos que deben cumplir los sistemas de gesti\u00f3n de la seguridad y la salud ocupacional de las organizaciones para implantarlas, mantenerlas, evaluarlas y obtener una mejora continua; estableci\u00e9ndose un vocabulario \u00fatil para poder comprender y definir un centenar de t\u00e9rminos de aplicaci\u00f3n corriente en esta \u00e1rea.<br \/>\nPara ello se establecieron las normas UNIT 18.000, comprendiendo requisitos, directrices de implantaci\u00f3n, vocabulario y procesos de auditor\u00eda.<br \/>\nEsto permite minimizar las causas de los accidentes y de las enfermedades derivadas del trabajo, atendiendo, adem\u00e1s de las razones \u00e9ticas y legales, a las razones econ\u00f3micas que justifican la reducci\u00f3n de los da\u00f1os derivados del trabajo.<br \/>\n-Esto protege a los funcionarios y estudiantes cuya seguridad y salud puede ser afectada por las actividades de la UDELAR, minimizando los riesgos para los involucrados, haciendo m\u00e1s eficientes las instalaciones, optimizando el funcionamiento, mejorando la productividad y, por lo tanto, su competitividad.<br \/>\n-Para ello, se debe revisar la documentaci\u00f3n existente para detectar debilidades e ineficiencias y dar cultura de seguridad y salud ocupacional.<\/p>\n<p>&#8212;&#8212;&#8212;&#8212;&#8212;&#8212;&#8212;&#8212;&#8212;&#8212;&#8212;&#8212;&#8212;&#8212;-<br \/>\n&#8211; Referencia Bibliogr\u00e1fica-<br \/>\nA)- Normas UNIT para Salud y Seguridad Ocupacional SYSO \u2013 Lista general. Vigencia: agosto 2002 \u2013 Instituto Uruguayo de Normas T\u00e9cnicas. Serie UNIT 1.800 p\u00e1g. 54 al 59. Ed. Empresa Gr\u00e1fica Mosca.2002<br \/>\nB)- Empresas con productos y servicios certificados por UNIT. Vigencia: agosto 2002 &#8211; Instituto Uruguayo de Normas T\u00e9cnicas. \u2013Serie UNIT 1.800 p\u00e1g. 60 y 61. Ed. Empresa Gr\u00e1fica Mosca.2002<\/p>\n","protected":false},"excerpt":{"rendered":"<p>1)- Que es UNIT. -Desde 1971, imparte Capacitaci\u00f3n en Calidad y en 1984 inici\u00f3 en Uruguay la Certificaci\u00f3n de Productos, con el Sistema N\u00ba 5 ISO. -En 1987, comenz\u00f3 la serie de Normas UNIT-ISO 9000 y en 1995 la Certificaci\u00f3n de Sistemas de la Calidad. -En 1998, inici\u00f3 la Certificaci\u00f3n de Sistemas de Gesti\u00f3n Ambiental con las Normas UNIT-ISO 14000 [&hellip;]<\/p>\n","protected":false},"author":1,"featured_media":0,"parent":34,"menu_order":3,"comment_status":"closed","ping_status":"closed","template":"template-institucional.php","meta":{"footnotes":""},"class_list":["post-58","page","type-page","status-publish","hentry"],"_links":{"self":[{"href":"https:\/\/pcetmalur.edu.uy\/portal\/wp-json\/wp\/v2\/pages\/58","targetHints":{"allow":["GET"]}}],"collection":[{"href":"https:\/\/pcetmalur.edu.uy\/portal\/wp-json\/wp\/v2\/pages"}],"about":[{"href":"https:\/\/pcetmalur.edu.uy\/portal\/wp-json\/wp\/v2\/types\/page"}],"author":[{"embeddable":true,"href":"https:\/\/pcetmalur.edu.uy\/portal\/wp-json\/wp\/v2\/users\/1"}],"replies":[{"embeddable":true,"href":"https:\/\/pcetmalur.edu.uy\/portal\/wp-json\/wp\/v2\/comments?post=58"}],"version-history":[{"count":1,"href":"https:\/\/pcetmalur.edu.uy\/portal\/wp-json\/wp\/v2\/pages\/58\/revisions"}],"predecessor-version":[{"id":59,"href":"https:\/\/pcetmalur.edu.uy\/portal\/wp-json\/wp\/v2\/pages\/58\/revisions\/59"}],"up":[{"embeddable":true,"href":"https:\/\/pcetmalur.edu.uy\/portal\/wp-json\/wp\/v2\/pages\/34"}],"wp:attachment":[{"href":"https:\/\/pcetmalur.edu.uy\/portal\/wp-json\/wp\/v2\/media?parent=58"}],"curies":[{"name":"wp","href":"https:\/\/api.w.org\/{rel}","templated":true}]}}